{"id":9844,"date":"2025-03-30T16:02:01","date_gmt":"2025-03-30T13:02:01","guid":{"rendered":"https:\/\/ferla.ee\/?post_type=product&#038;p=9844"},"modified":"2026-04-12T12:59:36","modified_gmt":"2026-04-12T09:59:36","slug":"taitepakend-5l","status":"publish","type":"product","link":"https:\/\/ferla.ee\/en\/product\/taitepakend-5l\/","title":{"rendered":"Ferla joogi t\u00e4itepakend 5L (postiga ei saada, saab k\u00e4tte V\u00f5rus)"},"content":{"rendered":"<p><b>WHY TO DRINK FERLA:<\/b><\/p>\n<ul>\n<li>Contains the maximum concentration possible of live Lactic acid bacteria and Bifidobacteria.<\/li>\n<li>Fermented vegetable and berries drink<\/li>\n<li>Estonian ingredients from V\u00f5rumaa (except for salt)<\/li>\n<li>Fully raw. No sugars, preservatives or any artificial additives added.<\/li>\n<li>Only 1 kcal per 100 ml<\/li>\n<\/ul>\n<p>&nbsp;<\/p>\n<p>READ MORE\u00a0<a href=\"https:\/\/ferla.ee\/en\/blogi\/\">IN THE BLOG<\/a><\/p>\n<div id=\"gtx-trans\" style=\"position: absolute; left: 58px; top: 442.656px;\">\n<div class=\"gtx-trans-icon\"><\/div>\n<\/div>","protected":false},"excerpt":{"rendered":"<p>&nbsp;<\/p>\n<p><strong>FERMENTED VEGETABLE DRINK WITH LACTIC ACID BACTERIA<\/strong><\/p>\n<p><strong>\u00dcks pakk 5L sisaldab 50 annust seedimist soodustavat jooki Sinu perele.<\/strong><\/p>\n<p><strong>7.7 EUR\/L (sisaldab KM)<\/strong><\/p>\n<p>BUY A REFILL PACK IF YOU ALREADY HAVE A BOX FOR THE 5L DRINK<\/p>\n<p>Oluline: T\u00e4itepakendit ei saa me posti panna! Kui soovid kulleriga v\u00f5i pakiautomaati tellida, siis telli kas papp\u00fcmbisega v\u00f5i KIUD transpordipakendis Ferla joogid.<\/p>\n<div><strong>Recommended consumption:<\/strong>100 ml before meals. Best served chilled. Due to its naturalness, it may contain sediment. Store in a dark place, as the drink is sensitive to UV radiation. The best long-term storage temperature is between 5 and 15\u00b0C. After opening the package, consume within 4 weeks.<\/div>\n<div>The drink may not be suitable for consumption in cases of excessive stomach acidity.<\/div>\n<div><\/div>\n<p><strong>Ingredients:<\/strong>\u00a0water, cabbage, beetroot, carrot, lingonberries, starter culture with live lactic acid bacteria and bifidobacteria, and Himalayan salt.<\/p>\n<p class=\"translation-block\">The drink contains lactic acid bacteria and bifidobacteria with a total count of 1 x 10^9 \u2013 10^11 colony-forming units (CFU) per 100 g.<\/p>\n<p class=\"translation-block\">When ordering at least \u20ac40, transport across Estonia with Itella Smartpost is FREE.<\/p>","protected":false},"featured_media":9845,"comment_status":"closed","ping_status":"closed","template":"","meta":{"_et_pb_use_builder":"","_et_pb_old_content":"","_et_gb_content_width":""},"product_brand":[],"product_cat":[15],"product_tag":[],"class_list":{"0":"post-9844","1":"product","2":"type-product","3":"status-publish","4":"has-post-thumbnail","6":"product_cat-ferlavaejook","8":"first","9":"instock","10":"taxable","11":"shipping-taxable","12":"purchasable","13":"product-type-simple"},"_links":{"self":[{"href":"https:\/\/ferla.ee\/en\/wp-json\/wp\/v2\/product\/9844","targetHints":{"allow":["GET"]}}],"collection":[{"href":"https:\/\/ferla.ee\/en\/wp-json\/wp\/v2\/product"}],"about":[{"href":"https:\/\/ferla.ee\/en\/wp-json\/wp\/v2\/types\/product"}],"replies":[{"embeddable":true,"href":"https:\/\/ferla.ee\/en\/wp-json\/wp\/v2\/comments?post=9844"}],"wp:featuredmedia":[{"embeddable":true,"href":"https:\/\/ferla.ee\/en\/wp-json\/wp\/v2\/media\/9845"}],"wp:attachment":[{"href":"https:\/\/ferla.ee\/en\/wp-json\/wp\/v2\/media?parent=9844"}],"wp:term":[{"taxonomy":"product_brand","embeddable":true,"href":"https:\/\/ferla.ee\/en\/wp-json\/wp\/v2\/product_brand?post=9844"},{"taxonomy":"product_cat","embeddable":true,"href":"https:\/\/ferla.ee\/en\/wp-json\/wp\/v2\/product_cat?post=9844"},{"taxonomy":"product_tag","embeddable":true,"href":"https:\/\/ferla.ee\/en\/wp-json\/wp\/v2\/product_tag?post=9844"}],"curies":[{"name":"wp","href":"https:\/\/api.w.org\/{rel}","templated":true}]}}