{"id":12304,"date":"2026-01-09T19:17:36","date_gmt":"2026-01-09T17:17:36","guid":{"rendered":"https:\/\/ferla.ee\/?post_type=product&#038;p=12304"},"modified":"2026-04-15T11:28:54","modified_gmt":"2026-04-15T08:28:54","slug":"fermentful-12","status":"publish","type":"product","link":"https:\/\/ferla.ee\/en\/product\/fermentful-12\/","title":{"rendered":"Fermentful toortatra joogid 12 x 330 ml"},"content":{"rendered":"<h3>MIS ON FERMENTFUL?<\/h3>\n<p>Naturaalselt hapendatud ehk fermenteeritud joogid toortatrast, ubadest ja p\u00e4hklitest.<\/p>\n<p>Joogid sisaldavad ainult taimseid koostisosi, mis p\u00e4rinevad mahep\u00f5llunduslikult sertifitseeritud farmidest.<\/p>\n<p>Toodetud L\u00e4tis.<\/p>\n<h3><\/h3>\n<h3>TERVISLIK<\/h3>\n<ul>\n<li>Probiootiliste omadustega, sest sisaldab elus piimhappebaktereid<\/li>\n<li>Prebiootiline, sest sisaldab kiudaineid<\/li>\n<li>Sisaldab k\u00f5iki asendamatuid aminohappeid ehk kasulikke valke!<\/li>\n<li>Sisaldab flavonoide, mis on v\u00f5imsad antioks\u00fcdandid<\/li>\n<li>Gluteeni-, soja- ja laktoosivaba<\/li>\n<li>100% mahe<\/li>\n<\/ul>\n<p>&nbsp;<\/p>\n<h3>VALI 4 ERI MAITSE VAHEL<\/h3>\n<p>NATURAALNE<\/p>\n<p>koostisosad: vesi, roheline tatar (5%)*, india p\u00e4hklid*, oavalk*, looduslik taimeekstrakt, sool*, vegan keefirikultuur*<\/p>\n<p>METSAMARJA<\/p>\n<p>koostisosad: vesi, roheline tatar (5%)*, india p\u00e4hklid*, oavalk*, kookossuhkur*, er\u00fctritool*, pohla-mustikapulber (0,33%)*, looduslik metsamarjaekstrakt (0,15%), looduslik l\u00f5hna- ja maitseaine, looduslik taimeekstrakt, musta porgandi mahlakontsentraat, sool*, vegan keefirikultuur*<\/p>\n<p>VANILJE<\/p>\n<p>koostisosad: vesi, roheline tatar (5%)*, india p\u00e4hklid*, oavalk*, kookossuhkur*, er\u00fctritool*, looduslik vaniljeekstrakt (0,11%), looduslik l\u00f5hna- ja maitseaine, looduslik taimeekstrakt, sool*, vegan keefirikultuur*<\/p>\n<p>\u0160OKOLAADI<\/p>\n<p>koostisosad: vesi, roheline tatar (5%)*, india p\u00e4hklid*, oavalk*, kookossuhkur*, er\u00fctritool*, kakao (1,4%)*, looduslik l\u00f5hna- ja maitseaine, looduslik taimeekstrakt, sool*, vegan keefirikultuur*<\/p>\n<p>*sertifitseeritud mahep\u00f5llumajanduse toorained.<\/p>\n<p>&nbsp;<\/p>\n<h3>KUIDAS TARVITADA?<\/h3>\n<p>Kasuta Fermentfuli jooke toitva ja energiat andva hommikus\u00f6\u00f6gi valmistamiseks, kombineeri seda oma lemmik pudru v\u00f5i m\u00fcsliga.<\/p>\n<p>Fermentfuli jooki on mugav kaasa haarata kiiretel p\u00e4evadel toidukorda asendama v\u00f5i toidukordade vahepalana.<\/p>\n<p>Saad seda kasutada smuutide v\u00f5i kastmete valmistamisel. Samuti on see hea starter hapendatud toitude valmistamiseks. Rohkem retsepte leiad <a href=\"https:\/\/www.fermentful.com\/recipes\" target=\"_blank\" rel=\"noopener\">SIIT<\/a>.<\/p>\n<p>&nbsp;<\/p>\n<h3>HOIUSTAMINE<\/h3>\n<p>Fermentfuli jooke s\u00e4ilitada temperatuuril +2 &#8230; +6\u00b0C<img decoding=\"async\" role=\"presentation\" draggable=\"false\" src=\"data:image\/gif;base64,R0lGODlhAQABAIAAAP\/\/\/wAAACH5BAEAAAAALAAAAAABAAEAAAICRAEAOw==\" aria-hidden=\"true\" data-xpm-latex=\"\\text{\\degree }\" data-imglogged=\"true\" data-aatf=\"1\" data-processed=\"true\" \/>.<\/p>\n<p>Mine oma pakile kiiresti j\u00e4rele ja t\u00f5sta koju j\u00f5udes hapendatud toortatra joogid k\u00fclmkappi!<\/p>\n<p>P\u00e4rast pudeli avamist tarvitada 3 p\u00e4eva jooksul.<\/p>\n<p>Joogis olevad elusad piimhappebakterid on v\u00e4ga tugevad bakterid ega luba patogeenidel paljudena. Kuna tegemist on taimsete jookidega, siis l\u00fchiajaliselt toatemperatuuril transpordi eesm\u00e4rgil hoida on jooke t\u00e4iesti ohutu.<\/p>","protected":false},"excerpt":{"rendered":"<p>MIS ON FERMENTFUL? Naturaalselt hapendatud ehk fermenteeritud joogid toortatrast, ubadest ja p\u00e4hklitest. Joogid sisaldavad ainult taimseid koostisosi, mis p\u00e4rinevad mahep\u00f5llunduslikult sertifitseeritud farmidest. Toodetud L\u00e4tis. TERVISLIK Probiootiliste omadustega, sest sisaldab elus piimhappebaktereid Prebiootiline, sest sisaldab kiudaineid Sisaldab k\u00f5iki asendamatuid aminohappeid ehk kasulikke valke! Sisaldab flavonoide, mis on v\u00f5imsad antioks\u00fcdandid Gluteeni-, soja- ja laktoosivaba 100% mahe &nbsp; [&hellip;]<\/p>\n","protected":false},"featured_media":12347,"comment_status":"open","ping_status":"closed","template":"","meta":{"_et_pb_use_builder":"","_et_pb_old_content":"","_et_gb_content_width":""},"product_brand":[],"product_cat":[15],"product_tag":[],"class_list":{"0":"post-12304","1":"product","2":"type-product","3":"status-publish","4":"has-post-thumbnail","6":"product_cat-ferlavaejook","8":"first","9":"instock","10":"taxable","11":"shipping-taxable","12":"purchasable","13":"product-type-woosb"},"_links":{"self":[{"href":"https:\/\/ferla.ee\/en\/wp-json\/wp\/v2\/product\/12304","targetHints":{"allow":["GET"]}}],"collection":[{"href":"https:\/\/ferla.ee\/en\/wp-json\/wp\/v2\/product"}],"about":[{"href":"https:\/\/ferla.ee\/en\/wp-json\/wp\/v2\/types\/product"}],"replies":[{"embeddable":true,"href":"https:\/\/ferla.ee\/en\/wp-json\/wp\/v2\/comments?post=12304"}],"wp:featuredmedia":[{"embeddable":true,"href":"https:\/\/ferla.ee\/en\/wp-json\/wp\/v2\/media\/12347"}],"wp:attachment":[{"href":"https:\/\/ferla.ee\/en\/wp-json\/wp\/v2\/media?parent=12304"}],"wp:term":[{"taxonomy":"product_brand","embeddable":true,"href":"https:\/\/ferla.ee\/en\/wp-json\/wp\/v2\/product_brand?post=12304"},{"taxonomy":"product_cat","embeddable":true,"href":"https:\/\/ferla.ee\/en\/wp-json\/wp\/v2\/product_cat?post=12304"},{"taxonomy":"product_tag","embeddable":true,"href":"https:\/\/ferla.ee\/en\/wp-json\/wp\/v2\/product_tag?post=12304"}],"curies":[{"name":"wp","href":"https:\/\/api.w.org\/{rel}","templated":true}]}}