{"id":528,"date":"2018-10-24T18:24:31","date_gmt":"2018-10-24T15:24:31","guid":{"rendered":"https:\/\/ferla.ee\/?page_id=528"},"modified":"2021-10-17T21:07:26","modified_gmt":"2021-10-17T18:07:26","slug":"ostu-ja-tarnetingimused","status":"publish","type":"page","link":"https:\/\/ferla.ee\/en\/ostu-ja-tarnetingimused\/","title":{"rendered":"Purchase and delivery terms"},"content":{"rendered":"<p>[et_pb_section fb_built=&#8221;1&#8243; admin_label=&#8221;section&#8221; _builder_version=&#8221;3.22&#8243; global_colors_info=&#8221;{}&#8221;][et_pb_row admin_label=&#8221;row&#8221; _builder_version=&#8221;3.25&#8243; background_size=&#8221;initial&#8221; background_position=&#8221;top_left&#8221; background_repeat=&#8221;repeat&#8221; global_colors_info=&#8221;{}&#8221;][et_pb_column type=&#8221;4_4&#8243; _builder_version=&#8221;3.25&#8243; custom_padding=&#8221;|||&#8221; global_colors_info=&#8221;{}&#8221; custom_padding__hover=&#8221;|||&#8221;][et_pb_text admin_label=&#8221;Text&#8221; _builder_version=&#8221;4.11.2&#8243; text_font=&#8221;||||||||&#8221; ol_font=&#8221;|700|||||||&#8221; background_size=&#8221;initial&#8221; background_position=&#8221;top_left&#8221; background_repeat=&#8221;repeat&#8221; hover_enabled=&#8221;0&#8243; global_colors_info=&#8221;{}&#8221; sticky_enabled=&#8221;0&#8243;]<\/p>\n<h1><strong>Ostu ja tarnetingimused<\/strong><\/h1>\n<p>&nbsp;<\/p>\n<p>KASUTUSTINGIMUSED<\/p>\n<p>Kasutustingimused on uuendatud 17.10.2021<\/p>\n<p><strong>1. \u00dcLDINE<\/strong><\/p>\n<p>1.1. K\u00e4esolevad kasutustingimused reguleerivad Ferla O\u00dc, registrikood 16088921 (Ettev\u00f5tja) ja ostu sooritanud isiku (Kliendi) vahel tekkivaid \u00f5igussuhteid kaubam\u00e4rgi FERLA toodete ostmisel-m\u00fc\u00fcmisel ferla.ee m\u00fc\u00fcgikeskkonnas (e-poes).<\/p>\n<p>1.2. Lisaks k\u00e4esolevatele tingimustele reguleerivad e-poe vahendusel toodete turustamisel tekkivaid \u00f5igussuhteid Eesti Vabariigi seadused.<\/p>\n<p>1.3. Ettev\u00f5tja v\u00f5ib muuta e-poe kasutustingimusi ja toodete ning teenuste hindasid. Muudatustest teavitatakse e-poe keskkonnas. Tehingule rakendatakse tehingu toimumise hetkel kehtivaid tingimusi ja hindu.<\/p>\n<p><strong>2. HIND<\/strong><\/p>\n<p>2.1. Toodete hinnad on Eurodes (\u20ac), need on toodud toodetelehel ning k\u00e4ibemaksu ei lisandu.<\/p>\n<p>2.2. Toodete hindadele lisandub trasport. V\u00f5imalikud transpordiviisid on j\u00e4rgnevad:<\/p>\n<p>2.2.1 &#8220;Itella Smartpost&#8221; &#8211; Kauba tarneaeg on 2-4 p\u00e4eva \u00fcle Eesti.<br \/>2.2.2\u00a0 &#8220;Kokkuleppel m\u00fc\u00fcjaga&#8221; &#8211; kauba saab kokkuleppel.<\/p>\n<p>Tarneviis valitakse ning kohaletoimetamistasu arvutatakse ostukorvis.<\/p>\n<p>2.3. Sooduskoodi olemasolul arvutatakse toote allahindlus peale sooduskoodi sisestamist ostukorvis.<\/p>\n<p>2.4. Veebipoel on \u00f5igus taganeda m\u00fc\u00fcgitehingust ning n\u00f5uda ostjalt tagasi kaup, kui kauba hind veebipoes on eksituse t\u00f5ttu m\u00e4rgitud oluliselt alla kauba turuhinna.<\/p>\n<p><strong>3. TELLIMUSE VORMISTAMINE<\/strong><\/p>\n<p>3.1. Klient lisab toote ostukorvi p\u00e4rast toote ning vajadusel suuruse valimist tootelehel, kasutades selleks nuppu \u201eLisage ostukorvi\u201c .<\/p>\n<p>3.2. Ostukorvis on v\u00f5imalik koguseid muuta ning tooteid ostukorvist eemaldada kuni toote tellimuse esitamiseni.<\/p>\n<p>3.3. Tellimuse vormistamiseks tuleb ostukorvis sisestada vajalikud andmed, valida k\u00e4ttesaamise viis ning vajutada nuppu \u201eEsita tellimus\u201c.<\/p>\n<p>3.4. Tellimus loetakse l\u00f5plikult vormistatuks p\u00e4rast \u201eEsita tellimus\u201c nupu vajutamist.<\/p>\n<p>3.5. Teatise tellimuse kinnituse kohta saadab Ettev\u00f5tja Kliendi e-posti aadressile.<\/p>\n<p>3.6. Kliendi tellitud Toote puudumisel t\u00fchistab Ettev\u00f5tja tellimuse. Tellimust v\u00f5ib t\u00fchistada nii osaliselt kui t\u00e4ielikult. T\u00fchistatud tellimusest informeeritakse koheselt Klienti. Osalise t\u00fchistamise korral v\u00f5ib Ettev\u00f5tja k\u00fcsida Kliendi soove \u00fclej\u00e4\u00e4nud tellimusega \u00fcmberk\u00e4imiseks \u2013 kas see l\u00e4hetada v\u00f5i samuti t\u00fchistada.<\/p>\n<p><strong>4. TASUMINE<\/strong><\/p>\n<p>4.1. Veebikeskkonnas (e-poes) sooritatud ostude eest tasub Klient 100% ettemaksuna.<\/p>\n<p>4.2. Tellimuste eest saab tasuda Eesti pangalinkidega ning \u00fclekandega.<\/p>\n<p>4.3. Tasumine toimub v\u00e4ljaspool e-poe turvalist keskkonda \u2013 pangalingiga tasumisel vastava panga turvalises keskkonnas, krediitkaardiga tasumisel Maksekeskus AS (http:\/\/maksekeskus.ee\/) turvalises keskkonnas ning Montonio maksete korral vastavalt Montonio turvalises keskkonnas. Ettev\u00f5tjal puudub ligip\u00e4\u00e4s kliendi panga ja krediitkaardi andmetele.<\/p>\n<p>4.4. Peale tellimuse esitamist postitab Ettev\u00f5tja kauba Kliendi poolt m\u00e4rgitud aadressile.<\/p>\n<p><strong>5. TOODETE TOIMETAMINE KLIENDILE<\/strong><\/p>\n<p>5.1. e-pood tarnib tooted Eesti siseselt.<\/p>\n<p>5.2. Tooted tarnitakse kliendile Itella SmartPOST O\u00dc poolt pakutavate teenustena. Itella SmartPOST saadetiste j\u00e4lgimiskeskkonnas aadressil uus.smartpost.ee\/saadetise-otsing.<\/p>\n<p>5.3. Ettev\u00f5tja tasub Toodete kohaletoimetamisega kaasnevad kulud.<\/p>\n<p>5.4. Ettev\u00f5tja t\u00e4idab tellimused, st annab postiasutusele l\u00e4hetamiseks \u00fcle tellimuse hiljemalt 3 t\u00f6\u00f6p\u00e4eva jooksul p\u00e4rast tellimuse kinnitamist. Toote kohalej\u00f5udmine Kliendini s\u00f5ltub postiteenistustest. Orienteeruv kohalej\u00f5udmise aeg on 1 kuni 3 t\u00f6\u00f6p\u00e4eva. S.t kokku v\u00f5ib tarneaeg olla kuni 5 t\u00f6\u00f6p\u00e4eva.<\/p>\n<p><strong>6. TAGANEMIS\u00d5IGUS, TOODETE TAGASTAMINE JA VAHETAMINE<\/strong><\/p>\n<p>6.1. Kliendil on \u00f5igus p\u00f5hjust avaldamata tehingust taganeda 14 kalendrip\u00e4eva jooksul, esitades Ettev\u00f5tjale kirjaliku (postiga v\u00f5i digiallkirjaga) v\u00f5i kirjaliku taasesitamist v\u00f5imaldavas vormis (e-kiri).<\/p>\n<p>6.2. Taganemisavalduse k\u00e4ttesaamist kinnitab Ettev\u00f5tja Kliendile saadetava teatega.<\/p>\n<p>6.3. Klient on kohustatud tagastama toote 14 kalendrip\u00e4eva jooksul arvates taganemisavalduse esitamisest. Taganemist\u00e4htaega arvestatakse p\u00e4evast, mil Klient v\u00f5i tema nimetatud kolmas isik, kes ei ole kauba vedaja, on saanud toote enda valdusesse. Juhul, kui tellimus koosneb rohkem kui \u00fchest saadetisest, arvestatakse taganemist\u00e4htaega viimase paki Kliendini saabumise p\u00e4evast.<\/p>\n<p>6.4. Tehingust taganemisel tagastab Ettev\u00f5tja Kliendile tema poolt tasutud summad, kandes tagastatava summa Kliendi pangakontole hiljemalt 14 p\u00e4eva jooksul peale toote j\u00f5udmist Ettev\u00f5tjani v\u00f5i Kliendi poolt esitatud t\u00f5endi saamist toote tagasisaatmise kohta. Ettev\u00f5tjal on \u00f5igus tasutud summade tagastamisega viivitada seni, kuni Klient on toote tagastanud v\u00f5i esitanud t\u00f5endi toote tagastamiseks \u00fcle andmise kohta postiasutusele. Taganemis\u00f5iguse kasutamisel kannab Klient k\u00f5ik toote tagastamisega seotud otsesed kulud.<\/p>\n<p>6.5. Toote vahetamise v\u00f5i asendamise korral kannab Klient k\u00f5ik toote tagastamisega seotud otsesed kulud, v\u00e4lja arvatud juhul, kui tagastatav toode ei vasta tellitule.<\/p>\n<p>6.6. Toote tagastamise ja vahetamise eelduseks on t\u00e4iesti kasutamata toode, millel on alles k\u00f5ik etiketid ja muud saadetisega kaasasolnud dokumendid, sealhulgas Kliendile v\u00e4ljastatud arve.<\/p>\n<p>6.7. Kliendil on v\u00f5imalik toode v\u00e4lja vahetada 14 p\u00e4eva jooksul p\u00e4rast selle k\u00e4ttesaamist, kui m\u00f5juval p\u00f5hjusel ei sobinud. Taganemis\u00f5iguse kasutamisel kannab Klient k\u00f5ik toote tagastamisega seotud otsesed kulud.<\/p>\n<p>6.8 Kui Ettev\u00f5tjale tagastatud toodet ei ole v\u00f5imalik v\u00e4lja vahetada Kliendi soovitud muudatuse t\u00f5ttu, v\u00f5tab Ettev\u00f5tja Kliendiga \u00fchendust.<\/p>\n<p>6.9 Tagastatav kaup peab olema kasutamata ja originaalpakendis. K\u00f5ik tagastatavad tooted on kliendi vastutusel senikaua, kui need on j\u00f5udnud meie lattu. Veenduge, et k\u00f5ik oleks korrektselt pakendatud ja oht, et toode v\u00f5iks transpordil viga saada on v\u00e4listatud.<\/p>\n<p><strong>7.PRETENSIOONI ESITAMINE<\/strong><\/p>\n<p>7.1. Ettev\u00f5tja vastutab kliendile m\u00fc\u00fcdud kauba lepingutingimustele mittevastavuse v\u00f5i puuduse eest, mis oli olemas juba asja \u00fcleandmise hetkel. Vastava eelduse \u00fcmberl\u00fckkamine on Ettev\u00f5tja kohustus.<\/p>\n<p>7.2. Toote n\u00f5uetele mittevastavuse v\u00f5i toote puuduste avastamisel kohustub Klient sellest koheselt, kuid mitte hiljem kui 14 p\u00e4eva jooksul alates toote k\u00e4ttesaamisest, teavitama Ettev\u00f5tjat, saates vastava info e-posti aadressile info@ferla.ee<\/p>\n<p>7.3. Lepingule mittevastava v\u00f5i defektse toote korral on Kliendil \u00f5igus n\u00f5uda Ettev\u00f5tjalt kohustuse t\u00e4itmist, taganeda lepingust v\u00f5i \u00f6elda leping \u00fcles ning n\u00f5uda kahju h\u00fcvitamist, hinna alandamist, rahalise kohustuse t\u00e4itmisega viivitamise korral n\u00f5uda viivist.<\/p>\n<p>7.4. Toote n\u00f5uetele mittevastavuse v\u00f5i puuduse korral on Kliendil \u00f5igus n\u00f5uda esmalt toote tasuta parandamist v\u00f5i asendamist n\u00f5uetele vastava ja puudusteta toote vastu v\u00f5i tagastada toode Ettev\u00f5tja kulul.<\/p>\n<p>Kliendil on \u00f5igus n\u00f5uda toote ostuhinna alandamist v\u00f5i lepingu l\u00f5petamist ning toote eest tasutud summade tagasin\u00f5udmist, kui:<\/p>\n<p>\u2022Ettev\u00f5tjal ei ole v\u00f5imalik toodet parandada v\u00f5i asendada v\u00f5i<\/p>\n<p>\u2022toote parandamine v\u00f5i asendamine eba\u00f5nnestub v\u00f5i<\/p>\n<p>\u2022Ettev\u00f5tja ei ole toote puudust m\u00f5istliku aja jooksul k\u00f5rvaldanud v\u00f5i<\/p>\n<p>\u2022Kliendile tekitatakse p\u00f5hjendamatuid ebamugavusi.<\/p>\n<p>7.5. N\u00f5uetele mittevastava toote tagastamise korral h\u00fcvitatakse Kliendile toote eest tasutud summa Kliendi poolt n\u00e4idatud pangakontole hiljemalt 14 p\u00e4eva jooksul. Ettev\u00f5tjal on \u00f5igus tasutud summade tagastamisega viivitada seni, kuni Klient on tema k\u00e4es oleva toote tagastanud v\u00f5i esitanud t\u00f5endi toote tagastamiseks \u00fcleandmise kohta postiasutusele.<\/p>\n<p>7.6. Ettev\u00f5tja ei h\u00fcvita Kliendi tehtud kulutusi toote n\u00f5uetele mittevastavuse v\u00f5i puuduste korral ega vastuta nende eest, kui:<\/p>\n<p>7.6.1. Toote v\u00e4\u00e4rtus on langenud\/toode on kahjustunud Kliendi s\u00fc\u00fcl;<\/p>\n<p>7.6.2. Puudused on tekkinud toote mittesihtotstarbelise kasutamise, s.h. vale hoiustamise tagaj\u00e4rjel;<\/p>\n<p>7.6.3. Toote v\u00e4\u00e4rtus on langenud tavap\u00e4rasel kasutamisel tekkinud aja m\u00f6\u00f6dumise t\u00f5ttu;<\/p>\n<p>7.6.4. Puudub ostu sooritamist t\u00f5endav dokument.<\/p>\n<p>7.7. Juhul, kui Kliendi ja Ettev\u00f5tja vahel on tekkinud erimeelsused toote puuduste osas, on Kliendil \u00f5igus p\u00f6\u00f6rduda pretensiooniga Ettev\u00f5tja poole, m\u00e4rkides kirjalikus v\u00f5i kirjalikku taasesitamist v\u00f5imaldavas vormis (e-kiri) esitatud kaebuses \u00e4ra oma nimi ja kontaktandmed, kaebuse esitamise kuup\u00e4ev, tootel esinev puudus ning omapoolne soovitav lahendus. Ettev\u00f5tja vastab Kliendi kaebusele kirjalikus v\u00f5i kirjalikku taasesitamist v\u00f5imaldavas vormis (e-kiri) 15 p\u00e4eva jooksul. Kui ostjal on veebipoe osas pretensioone, tuleb need saata e-kirja aadressile info@ferla.ee<\/p>\n<p>7.8. Juhul, kui Klient ja Ettev\u00f5tja ei saavuta vaidluse osas kokkulepet, on Kliendil \u00f5igus p\u00f6\u00f6rduda vaidluse kohtuv\u00e4liseks lahendamiseks Eestis tarbijakaitseameti juures tegutseva tarbijavaidluste komisjoni poole.<\/p>\n<p>Tarbijavaidluste komisjoni p\u00e4devuses on lahendada Kliendi ja Ettev\u00f5tja vahel s\u00f5lmitud lepingust tulenevaid vaidlusi. Kliendi kaebuse l\u00e4bivaatamine komisjonis on tasuta. Vaidluste lahendamisel Eestis tarbijakaitseameti juures l\u00e4htutakse Eesti Vabariigi seadustest. Ostja v\u00f5ib p\u00f6\u00f6rduda Euroopa Liidu tarbijavaidlusi lahendava platvormi poole.<\/p>\n<p>7.9. Komisjoni otsusega mitten\u00f5ustumisel on pooltel \u00f5igus p\u00f6\u00f6rduda Ettev\u00f5tja asukohaj\u00e4rgsesse maakohtusse.<\/p>\n<p>[\/et_pb_text][\/et_pb_column][\/et_pb_row][\/et_pb_section]<\/p>\n","protected":false},"excerpt":{"rendered":"<p>Ostu ja tarnetingimused &nbsp; KASUTUSTINGIMUSED Kasutustingimused on uuendatud 17.10.2021 1. \u00dcLDINE 1.1. K\u00e4esolevad kasutustingimused reguleerivad Ferla O\u00dc, registrikood 16088921 (Ettev\u00f5tja) ja ostu sooritanud isiku (Kliendi) vahel tekkivaid \u00f5igussuhteid kaubam\u00e4rgi FERLA toodete ostmisel-m\u00fc\u00fcmisel ferla.ee m\u00fc\u00fcgikeskkonnas (e-poes). 1.2. Lisaks k\u00e4esolevatele tingimustele reguleerivad e-poe vahendusel toodete turustamisel tekkivaid \u00f5igussuhteid Eesti Vabariigi seadused. 1.3. Ettev\u00f5tja v\u00f5ib muuta e-poe kasutustingimusi [&hellip;]<\/p>\n","protected":false},"author":9,"featured_media":0,"parent":0,"menu_order":0,"comment_status":"closed","ping_status":"closed","template":"","meta":{"_et_pb_use_builder":"on","_et_pb_old_content":"<h2>Kasutus-, privaatsuspoliitika ja k\u00fcpsiste kasutamine<\/h2>\r\nKehtiv alates 21.05.2018\r\n<ol>\r\n \t<li>Sinomax O\u00dc isikuandmete t\u00f6\u00f6tlemise protsess<\/li>\r\n<\/ol>\r\nSinomax O\u00dc t\u00f6\u00f6tleb j\u00e4rgmisi kliendi andmeid: ees- ja perekonnanimi, telefoninumber, e-maili aadress. Isikuga seotud personaalse p\u00e4ringu informatsioon. Samuti salvestame tellimused ning eelistuse soovitud toodete kohta.\r\n<ol start=\"2\">\r\n \t<li>Kliendi isikuandmete (andmete) t\u00f6\u00f6tlemise eesm\u00e4rgid<\/li>\r\n<\/ol>\r\nSinomax O\u00dc t\u00f6\u00f6tleb punktis 1 kirjeldatud kliendi isikuandmeid j\u00e4rgmistel eesm\u00e4rkidel:\r\n<ul>\r\n \t<li>Sinomax O\u00dc kliendibaasi loomine ja selle haldamine;<\/li>\r\n \t<li>kliendile uute teenuste pakkumine;<\/li>\r\n \t<li>Sinomax O\u00dc teenuste anal\u00fc\u00fcsimine ja t\u00e4iustamine;<\/li>\r\n \t<li>veebilehe haldamine;<\/li>\r\n \t<li>\u00f5igusaktidest tulenevate n\u00f5uete t\u00e4itmine;<\/li>\r\n \t<li>kliendi p\u00e4ringutele vastamine;<\/li>\r\n<\/ul>\r\n<ol start=\"3\">\r\n \t<li>Isikuandmete (andmete) kasutamine ja s\u00e4ilitamine<\/li>\r\n<\/ol>\r\nSinomax O\u00dc ei jaga kliendi isikuandmeid (andmeid) kolmandatele osapooltele. K\u00f5iki andmeid kasutatakse ainult suhtlemiseks ja parema toote v\u00f5i teenuse pakkumise eesm\u00e4rgil. Sinomax O\u00dc v\u00f5ib saata klientidele informatsiooni oma teenuste, toodete, uudiskirjade ja pakkumiste kohta, kui klient on meile ise andnud oma kontaktandmed, kuid seda niikaua, kui klient pole palunud viimaste tegevuste l\u00f5petamist v\u00f5i lahkunud uudiskirja saajate grupist.\r\n\r\nAndmeid s\u00e4ilitatakse hetkeni, kuni klient avaldab soovi meie kliendilistist lahkumiseks.\r\n\r\nKui tekib antud teema kohta k\u00fcsimusi, siis palun v\u00f5ta meiega \u00fchendust info@ferme.ee\r\n\r\nSinomax O\u00dc on rakendanud vajalikke tehnilisi, f\u00fc\u00fcsilisi ja korralduslikke turvameetmeid kliendi isikuandmete (andmete) kaitsmiseks kadumise ja ebaseadusliku t\u00f6\u00f6tlemise eest.\r\n<ol start=\"4\">\r\n \t<li>K\u00fcpsised<\/li>\r\n<\/ol>\r\nSinomax O\u00dc veebilehel nimega ferme.ee kasutatakse k\u00fcpsiseid. K\u00fcpsis on v\u00e4ike tekstifail, mille veebilehitseja automaatselt kliendi poolt kasutatavasse seadmesse salvestab. K\u00fcpsiseid kasutatakse teabe kogumiseks selle kohta, kuidas klient veebilehte kasutab, et kliendi jaoks veebilehe kasutamist isiklikumaks ja kasutajas\u00f5bralikumaks muuta.\r\n\r\nFerme.ee kasutab oma veebilehel j\u00e4rgmisi k\u00fcpsiseid:\r\n<ul>\r\n \t<li>seansik\u00fcpsised, mille eesm\u00e4rk on v\u00f5imaldada teenuse kasutamist;<\/li>\r\n \t<li>esimese ja\/v\u00f5i kolmanda osapoole k\u00fcpsised, mille eesm\u00e4rk on n\u00e4idata kliendile asjakohast reklaami, pakkumisi ja parandada kliendi veebilehe kasutajakogemust;<\/li>\r\n \t<li>kolmanda osapoole anal\u00fc\u00fcsik\u00fcpsised, mille eesm\u00e4rk on turundussuhtluse optimeerimine.<\/li>\r\n \t<li>Klient v\u00f5ib oma seadmes salvestatud k\u00fcpsised blokeerida, muutes oma veebilehitseja vastavaid seadeid. K\u00fcpsiste mittekasutamisel ei pruugi veebileht korrektselt t\u00f6\u00f6tada ja\/v\u00f5i k\u00e4ttesaadavad olla.<\/li>\r\n<\/ul>\r\nFerme.ee koduleht kasutab k\u00fcpsiseid, et teha sinu kasutajakogemus mugavamaks. Kasutades meie veebilehte, n\u00f5ustud k\u00fcpsiste kasutamisega nagu on kirjeldatud meie Kasutus-, privaatsuspoliitikas ja k\u00fcpsiste kasutamise juhendis.\r\n<ol start=\"5\">\r\n \t<li>Kliendi \u00f5igused<\/li>\r\n<\/ol>\r\nKliendil on \u00f5igus p\u00e4\u00e4seda ligi Sinomax O\u00dc poolt t\u00f6\u00f6deldavatele Kliendi enda isikuandmetele ja \u00f5igus n\u00f5uda ebat\u00e4psete isikuandmete parandamist.\r\n\r\nKui Kliendil on k\u00fcsimusi oma \u00f5iguste kohta v\u00f5i on ta arvamusel, et Sinomax O\u00dc on tema isikuandmete (andmete) t\u00f6\u00f6tlemisel rikkunud tema \u00f5igusi, peaks ta kindlasti \u00fchendust v\u00f5tma e-posti aadressil\u00a0<a href=\"mailto:info@fotoboks.ee\">info@ferme.ee<\/a>.\r\n<ol start=\"6\">\r\n \t<li>Muud s\u00e4tted<\/li>\r\n<\/ol>\r\nSinomax O\u00dc v\u00f5tab \u00f5iguse Kasutus-, privaatsuspoliitikat ja k\u00fcpsiste kasutamine juhendit \u00fchepoolselt muuta. Antud juhendi uusim versioon on alati saadaval k\u00e4esoleval veebilehel.\r\n\r\nK\u00e4esolevale K\u00fcpsiste kasutamisele ja privaatsuspoliitikale kohalduvad Eesti Vabariigi seadused. Poliitikast tulenevad vaidlused v\u00f5i n\u00f5uded lahendatakse Tallinnas Harju Maakohtus.","_et_gb_content_width":"","footnotes":""},"class_list":["post-528","page","type-page","status-publish","hentry"],"_links":{"self":[{"href":"https:\/\/ferla.ee\/en\/wp-json\/wp\/v2\/pages\/528","targetHints":{"allow":["GET"]}}],"collection":[{"href":"https:\/\/ferla.ee\/en\/wp-json\/wp\/v2\/pages"}],"about":[{"href":"https:\/\/ferla.ee\/en\/wp-json\/wp\/v2\/types\/page"}],"author":[{"embeddable":true,"href":"https:\/\/ferla.ee\/en\/wp-json\/wp\/v2\/users\/9"}],"replies":[{"embeddable":true,"href":"https:\/\/ferla.ee\/en\/wp-json\/wp\/v2\/comments?post=528"}],"version-history":[{"count":5,"href":"https:\/\/ferla.ee\/en\/wp-json\/wp\/v2\/pages\/528\/revisions"}],"predecessor-version":[{"id":1467,"href":"https:\/\/ferla.ee\/en\/wp-json\/wp\/v2\/pages\/528\/revisions\/1467"}],"wp:attachment":[{"href":"https:\/\/ferla.ee\/en\/wp-json\/wp\/v2\/media?parent=528"}],"curies":[{"name":"wp","href":"https:\/\/api.w.org\/{rel}","templated":true}]}}