{"id":33,"date":"2018-06-06T01:28:36","date_gmt":"2018-06-05T22:28:36","guid":{"rendered":"https:\/\/ferla.ee\/cart\/"},"modified":"2026-03-01T13:30:19","modified_gmt":"2026-03-01T11:30:19","slug":"cart","status":"publish","type":"page","link":"https:\/\/ferla.ee\/en\/cart\/","title":{"rendered":"Shopping cart"},"content":{"rendered":"<h4><\/h4>\n<h4>Kaupa saadame v\u00e4lja iga argip\u00e4eva hommikul.<\/h4>\n<p>&nbsp;<\/p>\n<h3>Tule oma pakile ruttu j\u00e4rele ja t\u00f5sta joogid k\u00fclmkappi!!! Loe jookide hoiustamise kohta <a href=\"https:\/\/ferla.ee\/en\/hoiustamine\/\" target=\"_blank\" rel=\"noopener\">HERE<\/a>.<\/h3>\n<p>&nbsp;<\/p>\n<h4>Kui valid ise j\u00e4rele tulemise, siis saadame meilile Ferla kapi asukoha, kui tellimus on valmis.<\/h4>\n<h4>K\u00fcsimuste korral kirjuta meilile info@ferla.ee v\u00f5i helista +37256222815.<\/h4>\n<h4 class=\"translation-block\">When ordering at least \u20ac40, transport across Estonia with Itella Smartpost is FREE.<\/h4>\n<p>&nbsp;<\/p>","protected":false},"excerpt":{"rendered":"<p>Kaupa saadame v\u00e4lja iga argip\u00e4eva hommikul. &nbsp; Tule oma pakile ruttu j\u00e4rele ja t\u00f5sta joogid k\u00fclmkappi!!! Loe jookide hoiustamise kohta SIIN. &nbsp; Kui valid ise j\u00e4rele tulemise, siis saadame meilile Ferla kapi asukoha, kui tellimus on valmis. K\u00fcsimuste korral kirjuta meilile info@ferla.ee v\u00f5i helista +37256222815. Tellides v\u00e4hemalt \u20ac40 eest on transport \u00fcle Eesti itella Smartpostiga [&hellip;]<\/p>\n","protected":false},"author":9,"featured_media":0,"parent":0,"menu_order":0,"comment_status":"closed","ping_status":"closed","template":"","meta":{"_et_pb_use_builder":"off","_et_pb_old_content":"","_et_gb_content_width":"","footnotes":""},"class_list":["post-33","page","type-page","status-publish","hentry"],"_links":{"self":[{"href":"https:\/\/ferla.ee\/en\/wp-json\/wp\/v2\/pages\/33","targetHints":{"allow":["GET"]}}],"collection":[{"href":"https:\/\/ferla.ee\/en\/wp-json\/wp\/v2\/pages"}],"about":[{"href":"https:\/\/ferla.ee\/en\/wp-json\/wp\/v2\/types\/page"}],"author":[{"embeddable":true,"href":"https:\/\/ferla.ee\/en\/wp-json\/wp\/v2\/users\/9"}],"replies":[{"embeddable":true,"href":"https:\/\/ferla.ee\/en\/wp-json\/wp\/v2\/comments?post=33"}],"version-history":[{"count":19,"href":"https:\/\/ferla.ee\/en\/wp-json\/wp\/v2\/pages\/33\/revisions"}],"predecessor-version":[{"id":13533,"href":"https:\/\/ferla.ee\/en\/wp-json\/wp\/v2\/pages\/33\/revisions\/13533"}],"wp:attachment":[{"href":"https:\/\/ferla.ee\/en\/wp-json\/wp\/v2\/media?parent=33"}],"curies":[{"name":"wp","href":"https:\/\/api.w.org\/{rel}","templated":true}]}}